{"id":110,"date":"2016-09-20T09:16:47","date_gmt":"2016-09-20T09:16:47","guid":{"rendered":"http:\/\/jlbalaguero.com\/?page_id=110"},"modified":"2018-05-15T16:16:01","modified_gmt":"2018-05-15T16:16:01","slug":"esculturas","status":"publish","type":"page","link":"https:\/\/jlbalaguero.com\/index.php\/es\/obra\/esculturas\/","title":{"rendered":"Esculturas -M\u00f3viles &#8211; Objetos"},"content":{"rendered":"<p>[et_pb_section admin_label=\u00bbsection\u00bb][et_pb_row admin_label=\u00bbrow\u00bb][et_pb_column type=\u00bb4_4&#8243;][et_pb_text admin_label=\u00bbTexto\u00bb background_layout=\u00bblight\u00bb text_orientation=\u00bbleft\u00bb use_border_color=\u00bboff\u00bb border_color=\u00bb#ffffff\u00bb border_style=\u00bbsolid\u00bb]<\/p>\n<p style=\"text-align: center;\"><strong><span style=\"color: #000000;\">Esculturas objeto<\/span><\/strong><\/p>\n<p>[\/et_pb_text][\/et_pb_column][\/et_pb_row][et_pb_row admin_label=\u00bbFila\u00bb][et_pb_column type=\u00bb1_3&#8243;][et_pb_image admin_label=\u00bbImagen\u00bb src=\u00bbhttps:\/\/jlbalaguero.com\/wp-content\/uploads\/2016\/09\/Sin-T\u00edtulo.-2010.-madera.-42X34X5cm..jpg\u00bb show_in_lightbox=\u00bbon\u00bb url_new_window=\u00bboff\u00bb use_overlay=\u00bboff\u00bb animation=\u00bbleft\u00bb sticky=\u00bboff\u00bb align=\u00bbleft\u00bb force_fullwidth=\u00bboff\u00bb always_center_on_mobile=\u00bbon\u00bb use_border_color=\u00bboff\u00bb border_color=\u00bb#ffffff\u00bb border_style=\u00bbsolid\u00bb]<\/p>\n<p>&nbsp;<\/p>\n<p>[\/et_pb_image][et_pb_text admin_label=\u00bbTexto\u00bb background_layout=\u00bblight\u00bb text_orientation=\u00bbleft\u00bb use_border_color=\u00bboff\u00bb border_color=\u00bb#ffffff\u00bb border_style=\u00bbsolid\u00bb]<\/p>\n<p style=\"text-align: center;\"><strong>Sin-T\u00edtulo<\/strong><\/p>\n<p style=\"text-align: center;\"><strong>2010<\/strong><\/p>\n<p style=\"text-align: center;\"><strong>madera<\/strong><\/p>\n<p style=\"text-align: center;\"><strong>42 X 34 X 5 cm.<\/strong><\/p>\n<p>[\/et_pb_text][\/et_pb_column][et_pb_column type=\u00bb1_3&#8243;][et_pb_image admin_label=\u00bbImagen\u00bb src=\u00bbhttps:\/\/jlbalaguero.com\/wp-content\/uploads\/2016\/09\/Sin-T\u00edtulo.-2010.-madera.-41X54X10cm..jpg\u00bb show_in_lightbox=\u00bbon\u00bb url_new_window=\u00bboff\u00bb use_overlay=\u00bboff\u00bb animation=\u00bbleft\u00bb sticky=\u00bboff\u00bb align=\u00bbleft\u00bb force_fullwidth=\u00bboff\u00bb always_center_on_mobile=\u00bbon\u00bb use_border_color=\u00bboff\u00bb border_color=\u00bb#ffffff\u00bb border_style=\u00bbsolid\u00bb]<\/p>\n<p>&nbsp;<\/p>\n<p>[\/et_pb_image][et_pb_text admin_label=\u00bbTexto\u00bb background_layout=\u00bblight\u00bb text_orientation=\u00bbleft\u00bb use_border_color=\u00bboff\u00bb border_color=\u00bb#ffffff\u00bb border_style=\u00bbsolid\u00bb]<\/p>\n<p style=\"text-align: center;\"><strong>Sin-T\u00edtulo<\/strong><\/p>\n<p style=\"text-align: center;\"><strong>2010<\/strong><\/p>\n<p style=\"text-align: center;\"><strong>Madera<\/strong><\/p>\n<p style=\"text-align: center;\"><strong>41 X 54 X 10 cm.<\/strong><\/p>\n<p>[\/et_pb_text][\/et_pb_column][et_pb_column type=\u00bb1_3&#8243;][et_pb_image admin_label=\u00bbImagen\u00bb src=\u00bbhttps:\/\/jlbalaguero.com\/wp-content\/uploads\/2016\/09\/Sin-T\u00edtulo.-2010.-madera-y-canicas.-59X62x7cm..jpg\u00bb show_in_lightbox=\u00bbon\u00bb url_new_window=\u00bboff\u00bb use_overlay=\u00bboff\u00bb animation=\u00bbleft\u00bb sticky=\u00bboff\u00bb align=\u00bbleft\u00bb force_fullwidth=\u00bboff\u00bb always_center_on_mobile=\u00bbon\u00bb use_border_color=\u00bboff\u00bb border_color=\u00bb#ffffff\u00bb border_style=\u00bbsolid\u00bb]<\/p>\n<p>&nbsp;<\/p>\n<p>[\/et_pb_image][et_pb_text admin_label=\u00bbTexto\u00bb background_layout=\u00bblight\u00bb text_orientation=\u00bbleft\u00bb use_border_color=\u00bboff\u00bb border_color=\u00bb#ffffff\u00bb border_style=\u00bbsolid\u00bb]<\/p>\n<p style=\"text-align: center;\"><strong>Sin-T\u00edtulo<\/strong><\/p>\n<p style=\"text-align: center;\"><strong>2010<\/strong><\/p>\n<p style=\"text-align: center;\"><strong>Madera y Canicas<\/strong><\/p>\n<p style=\"text-align: center;\"><strong>59 X 62 x 7 cm.<\/strong><\/p>\n<p>[\/et_pb_text][\/et_pb_column][\/et_pb_row][et_pb_row admin_label=\u00bbFila\u00bb][et_pb_column type=\u00bb1_3&#8243;][\/et_pb_column][et_pb_column type=\u00bb1_3&#8243;][et_pb_image admin_label=\u00bbImagen\u00bb src=\u00bbhttps:\/\/jlbalaguero.com\/wp-content\/uploads\/2016\/09\/Brisas.-Movil.-2015.jpg\u00bb show_in_lightbox=\u00bbon\u00bb url_new_window=\u00bboff\u00bb use_overlay=\u00bboff\u00bb animation=\u00bbfade_in\u00bb sticky=\u00bboff\u00bb align=\u00bbleft\u00bb force_fullwidth=\u00bboff\u00bb always_center_on_mobile=\u00bbon\u00bb use_border_color=\u00bboff\u00bb border_color=\u00bb#ffffff\u00bb border_style=\u00bbsolid\u00bb]<\/p>\n<p>&nbsp;<\/p>\n<p>[\/et_pb_image][et_pb_text admin_label=\u00bbTexto\u00bb background_layout=\u00bblight\u00bb text_orientation=\u00bbleft\u00bb use_border_color=\u00bboff\u00bb border_color=\u00bb#ffffff\u00bb border_style=\u00bbsolid\u00bb]<\/p>\n<p style=\"text-align: center;\"><strong>Brisas<\/strong><\/p>\n<p style=\"text-align: center;\"><strong>2015<\/strong><\/p>\n<p style=\"text-align: center;\"><strong>M\u00f3vil; plomo y purpurinas<\/strong><\/p>\n<p>[\/et_pb_text][\/et_pb_column][et_pb_column type=\u00bb1_3&#8243;][\/et_pb_column][\/et_pb_row][et_pb_row admin_label=\u00bbFila\u00bb][et_pb_column type=\u00bb1_2&#8243;][et_pb_image admin_label=\u00bbImagen\u00bb src=\u00bbhttps:\/\/jlbalaguero.com\/wp-content\/uploads\/2018\/05\/IMG_0014-B.jpg\u00bb show_in_lightbox=\u00bboff\u00bb url=\u00bbhttps:\/\/jlbalaguero.com\/wp-content\/uploads\/2018\/05\/IMG_0014-B.jpg\u00bb url_new_window=\u00bboff\u00bb use_overlay=\u00bboff\u00bb animation=\u00bbleft\u00bb sticky=\u00bboff\u00bb align=\u00bbleft\u00bb force_fullwidth=\u00bboff\u00bb always_center_on_mobile=\u00bbon\u00bb use_border_color=\u00bboff\u00bb border_color=\u00bb#ffffff\u00bb border_style=\u00bbsolid\u00bb] [\/et_pb_image][et_pb_text admin_label=\u00bbTexto\u00bb background_layout=\u00bblight\u00bb text_orientation=\u00bbleft\u00bb use_border_color=\u00bboff\u00bb border_color=\u00bb#ffffff\u00bb border_style=\u00bbsolid\u00bb]<\/p>\n<p style=\"text-align: center;\">ST. Figuras en madera, papel mach\u00e9, pintura. en urna de cristal<\/p>\n<p style=\"text-align: center;\">28 X 20 X 20 cm<\/p>\n<p>[\/et_pb_text][\/et_pb_column][et_pb_column type=\u00bb1_2&#8243;][et_pb_image admin_label=\u00bbImagen\u00bb src=\u00bbhttps:\/\/jlbalaguero.com\/wp-content\/uploads\/2018\/05\/IMG_0018-B.jpg\u00bb show_in_lightbox=\u00bboff\u00bb url=\u00bbhttps:\/\/jlbalaguero.com\/wp-content\/uploads\/2018\/05\/IMG_0018-B.jpg\u00bb url_new_window=\u00bboff\u00bb use_overlay=\u00bboff\u00bb animation=\u00bbleft\u00bb sticky=\u00bboff\u00bb align=\u00bbleft\u00bb force_fullwidth=\u00bboff\u00bb always_center_on_mobile=\u00bbon\u00bb use_border_color=\u00bboff\u00bb border_color=\u00bb#ffffff\u00bb border_style=\u00bbsolid\u00bb] [\/et_pb_image][et_pb_text admin_label=\u00bbTexto\u00bb background_layout=\u00bblight\u00bb text_orientation=\u00bbleft\u00bb use_border_color=\u00bboff\u00bb border_color=\u00bb#ffffff\u00bb border_style=\u00bbsolid\u00bb]<\/p>\n<p style=\"text-align: center;\">ST. Figuras madera, papel mach\u00e9, pintura en urna de cristal<\/p>\n<p style=\"text-align: center;\">28 X 20 X\u00a0 20 cm (detalle)<\/p>\n<p>[\/et_pb_text][\/et_pb_column][\/et_pb_row][\/et_pb_section]<\/p>\n","protected":false},"excerpt":{"rendered":"<p>Esculturas objeto &nbsp; Sin-T\u00edtulo 2010 madera 42 X 34 X 5 cm. &nbsp; Sin-T\u00edtulo 2010 Madera 41 X 54 X 10 cm. &nbsp; Sin-T\u00edtulo 2010 Madera y Canicas 59 X 62 x 7 cm. &nbsp; Brisas 2015 M\u00f3vil; plomo y purpurinas ST. Figuras en madera, papel mach\u00e9, pintura. en urna de cristal 28 X 20 [&hellip;]<\/p>\n","protected":false},"author":5,"featured_media":0,"parent":15,"menu_order":0,"comment_status":"closed","ping_status":"closed","template":"","meta":{"_et_pb_use_builder":"on","_et_pb_old_content":"","_et_gb_content_width":"","footnotes":""},"class_list":["post-110","page","type-page","status-publish","hentry"],"_links":{"self":[{"href":"https:\/\/jlbalaguero.com\/index.php\/wp-json\/wp\/v2\/pages\/110","targetHints":{"allow":["GET"]}}],"collection":[{"href":"https:\/\/jlbalaguero.com\/index.php\/wp-json\/wp\/v2\/pages"}],"about":[{"href":"https:\/\/jlbalaguero.com\/index.php\/wp-json\/wp\/v2\/types\/page"}],"author":[{"embeddable":true,"href":"https:\/\/jlbalaguero.com\/index.php\/wp-json\/wp\/v2\/users\/5"}],"replies":[{"embeddable":true,"href":"https:\/\/jlbalaguero.com\/index.php\/wp-json\/wp\/v2\/comments?post=110"}],"version-history":[{"count":15,"href":"https:\/\/jlbalaguero.com\/index.php\/wp-json\/wp\/v2\/pages\/110\/revisions"}],"predecessor-version":[{"id":1231,"href":"https:\/\/jlbalaguero.com\/index.php\/wp-json\/wp\/v2\/pages\/110\/revisions\/1231"}],"up":[{"embeddable":true,"href":"https:\/\/jlbalaguero.com\/index.php\/wp-json\/wp\/v2\/pages\/15"}],"wp:attachment":[{"href":"https:\/\/jlbalaguero.com\/index.php\/wp-json\/wp\/v2\/media?parent=110"}],"curies":[{"name":"wp","href":"https:\/\/api.w.org\/{rel}","templated":true}]}}