{"id":18,"date":"2016-09-19T19:07:21","date_gmt":"2016-09-19T19:07:21","guid":{"rendered":"http:\/\/jlbalaguero.com\/?page_id=18"},"modified":"2018-03-27T18:57:38","modified_gmt":"2018-03-27T18:57:38","slug":"exposiciones","status":"publish","type":"page","link":"https:\/\/jlbalaguero.com\/index.php\/es\/biografia\/exposiciones\/","title":{"rendered":"Exposiciones"},"content":{"rendered":"<p>[et_pb_section admin_label=\u00bbsection\u00bb][et_pb_row admin_label=\u00bbFila\u00bb][et_pb_column type=\u00bb4_4&#8243;][et_pb_text admin_label=\u00bbTexto\u00bb background_layout=\u00bblight\u00bb text_orientation=\u00bbleft\u00bb use_border_color=\u00bboff\u00bb border_color=\u00bb#ffffff\u00bb border_style=\u00bbsolid\u00bb]<\/p>\n<h3 style=\"text-align: center;\"><strong><span style=\"color: #000000;\">Exposiciones<\/span><\/strong><\/h3>\n<p>[\/et_pb_text][\/et_pb_column][\/et_pb_row][et_pb_row admin_label=\u00bbrow\u00bb][et_pb_column type=\u00bb4_4&#8243;][et_pb_text admin_label=\u00bbTexto\u00bb background_layout=\u00bblight\u00bb text_orientation=\u00bbleft\u00bb use_border_color=\u00bboff\u00bb border_color=\u00bb#ffffff\u00bb border_style=\u00bbsolid\u00bb]<\/p>\n<p>1957 Galeria Biosca, Madrid.<\/p>\n<p>1958 Galer\u00eda K-58 Lille.<\/p>\n<p>1960 Sal\u00f3n Internacional de pintura de Ibiza.<\/p>\n<p>1963 Galer\u00eda Fortuny. Madrid.<\/p>\n<p>1964 Ausstellung der Formentera group Berlin.<\/p>\n<p>1965 The Pantechnicon Gallery.San Francisco.<\/p>\n<p>1966 Galer\u00eda Edurne. Madrid.<\/p>\n<p>1968 20\/20 Gallery. Ontario. Canada.<\/p>\n<p>1968\u00a0 Lake Forest College. Chicago. EE.UU.<\/p>\n<p>1970\u00a0 Larew Gallery. Chicago. EE.UU.<\/p>\n<p>1972 Evanston Art Center. Chicago EE.UU.<\/p>\n<p>1973 Grupo 15. Madrid.<\/p>\n<p>1973 Seaberg Insthmus Gallery. Chicago.<\/p>\n<p>1975 Galer\u00eda L\u00fazaro. Bilbao.<\/p>\n<p>1975\u00a0 Galer\u00eda Dach Bilbao.<\/p>\n<p>1976 Galer\u00eda\u00a0 AELE. Madrid.<\/p>\n<p>1976\u00a0 Galer\u00eda Prisma. Zaragoza.<\/p>\n<p>1977 Museo Itinerante Salvador Allende .<\/p>\n<p>1979 Galer\u00eda Temps Cass\u00e9. Burdeos. Francia.<\/p>\n<p>1980 Galer\u00eda Kreisler II. Madrid.<\/p>\n<p>1981 Centro Cultural Conde Duque.Madrid.\u00a0 Premio \u201cGoya\u201d.<\/p>\n<p>1981 Basel 81. Basilea.<\/p>\n<p>1981 Galer\u00eda Moriarty. Madrid.<\/p>\n<p>1982 Galer\u00eda Storm. Lille. Francia.<\/p>\n<p>1983 Centro Cultural Conde Duque. Primer Premio de la Uni\u00f3n de Ciudades Iberoamericanas. Madrid.<\/p>\n<p>1984 Galer\u00eda Ovidio. Madrid.<\/p>\n<p>1986 Fundaci\u00f3n Juan March.<\/p>\n<p>1988 Galer\u00eda Edurne. ARCO 88. Madrid.<\/p>\n<p>1988 Galer\u00eda Edurne .FIAC88. Paris.<\/p>\n<p>1990 Galer\u00eda NUBA. Madrid.<\/p>\n<p>1991 Galeria Seiquer. ARCO 91. Madrid.<\/p>\n<p>1993 Galer\u00eda La K\u00e1bala. Madrid.<\/p>\n<p>1993 Galer\u00eda Rina Bouwen. Madrid.<\/p>\n<p>1995 Galer\u00eda Antonia Puy\u00f3. Zaragoza .<\/p>\n<p>1997 Galer\u00eda Seiquer ARCO97. Madrid.<\/p>\n<p>1998 Galer\u00eda May Mor\u00e9.Madrid.<\/p>\n<p>2005\u00a0Palacio de Montemuzo, Ayto. de Zaragoza.<\/p>\n<p>2005 Galeria Dolores Sierra Madrid.<\/p>\n<p>2010 Galeria Edurne, El Escorial.<\/p>\n<p>2011 Museo de Bellas Artes, Lille<\/p>\n<p>2011 Museo Ibercaja Cam\u00f3n Aznar. Zaragoza.<\/p>\n<p>2012 CentroCentro Cibeles. Madrid<\/p>\n<p>2013 Galer\u00eda Kreisler Madrid<\/p>\n<p>2016 Aspa Contemporary Madrid<\/p>\n<p>&nbsp;<\/p>\n<p>[\/et_pb_text][\/et_pb_column][\/et_pb_row][\/et_pb_section]<\/p>\n","protected":false},"excerpt":{"rendered":"<p>Exposiciones 1957 Galeria Biosca, Madrid. 1958 Galer\u00eda K-58 Lille. 1960 Sal\u00f3n Internacional de pintura de Ibiza. 1963 Galer\u00eda Fortuny. Madrid. 1964 Ausstellung der Formentera group Berlin. 1965 The Pantechnicon Gallery.San Francisco. 1966 Galer\u00eda Edurne. Madrid. 1968 20\/20 Gallery. Ontario. Canada. 1968\u00a0 Lake Forest College. Chicago. EE.UU. 1970\u00a0 Larew Gallery. Chicago. EE.UU. 1972 Evanston Art Center. [&hellip;]<\/p>\n","protected":false},"author":5,"featured_media":0,"parent":7,"menu_order":0,"comment_status":"open","ping_status":"closed","template":"","meta":{"_et_pb_use_builder":"on","_et_pb_old_content":"","_et_gb_content_width":"","footnotes":""},"class_list":["post-18","page","type-page","status-publish","hentry"],"_links":{"self":[{"href":"https:\/\/jlbalaguero.com\/index.php\/wp-json\/wp\/v2\/pages\/18","targetHints":{"allow":["GET"]}}],"collection":[{"href":"https:\/\/jlbalaguero.com\/index.php\/wp-json\/wp\/v2\/pages"}],"about":[{"href":"https:\/\/jlbalaguero.com\/index.php\/wp-json\/wp\/v2\/types\/page"}],"author":[{"embeddable":true,"href":"https:\/\/jlbalaguero.com\/index.php\/wp-json\/wp\/v2\/users\/5"}],"replies":[{"embeddable":true,"href":"https:\/\/jlbalaguero.com\/index.php\/wp-json\/wp\/v2\/comments?post=18"}],"version-history":[{"count":16,"href":"https:\/\/jlbalaguero.com\/index.php\/wp-json\/wp\/v2\/pages\/18\/revisions"}],"predecessor-version":[{"id":1196,"href":"https:\/\/jlbalaguero.com\/index.php\/wp-json\/wp\/v2\/pages\/18\/revisions\/1196"}],"up":[{"embeddable":true,"href":"https:\/\/jlbalaguero.com\/index.php\/wp-json\/wp\/v2\/pages\/7"}],"wp:attachment":[{"href":"https:\/\/jlbalaguero.com\/index.php\/wp-json\/wp\/v2\/media?parent=18"}],"curies":[{"name":"wp","href":"https:\/\/api.w.org\/{rel}","templated":true}]}}