{"id":225,"date":"2016-09-21T08:48:34","date_gmt":"2016-09-21T08:48:34","guid":{"rendered":"http:\/\/jlbalaguero.com\/?page_id=225"},"modified":"2016-11-19T17:42:43","modified_gmt":"2016-11-19T17:42:43","slug":"textos","status":"publish","type":"page","link":"https:\/\/jlbalaguero.com\/index.php\/es\/textos\/","title":{"rendered":"Textos"},"content":{"rendered":"<p>[et_pb_section admin_label=\u00bbsection\u00bb][et_pb_row admin_label=\u00bbrow\u00bb][et_pb_column type=\u00bb4_4&#8243;][et_pb_text admin_label=\u00bbTexto\u00bb background_layout=\u00bblight\u00bb text_orientation=\u00bbleft\u00bb use_border_color=\u00bboff\u00bb border_color=\u00bb#ffffff\u00bb border_style=\u00bbsolid\u00bb]<\/p>\n<p><strong><em>Francisco Carpio: ABC<\/em><\/strong> <strong><em>dario pl\u00e1stico de J. L. B.\u00a0<\/em><\/strong><strong><em>(REY)vindicaci\u00f3n de la Pintura<\/em><\/strong><\/p>\n<p>Antes de empezar con este personal <em>abecedario<\/em>, me gustar\u00eda lanzarles (as\u00ed como el que lanza una piedra pero no esconde la mano\u2026) algunas reflexiones sobre la Pintura, ya que \u00e9ste es el lenguaje visual y conceptual que Balaguer\u00f3 sigue empleando, pese a las modas, los modos \u2013y los miedos- del arte, para seguir so\u00f1ando la vida, su vida. Reflexiones que no son otra cosa, queridos lectores-espectadores, que una personal (rey)vindicaci\u00f3n de la pintura. Y leen bien porque para m\u00ed \u2013y creo que acierto al decir que tambi\u00e9n para \u00e9l- \u00e9sta sigue siendo el rey de los lenguajes pl\u00e1sticos, a pesar de todos los constantes e infructuosos intentos por ocasionarle la muerte.<\/p>\n<a href='https:\/\/jlbalaguero.com\/index.php\/es\/texto-completo\/' class='small-button smallblue'>Leer mas<\/a>\n<p>[\/et_pb_text][\/et_pb_column][\/et_pb_row][\/et_pb_section]<\/p>\n","protected":false},"excerpt":{"rendered":"<p>Francisco Carpio: ABC dario pl\u00e1stico de J. L. B.\u00a0(REY)vindicaci\u00f3n de la Pintura Antes de empezar con este personal abecedario, me gustar\u00eda lanzarles (as\u00ed como el que lanza una piedra pero no esconde la mano\u2026) algunas reflexiones sobre la Pintura, ya que \u00e9ste es el lenguaje visual y conceptual que Balaguer\u00f3 sigue empleando, pese a las [&hellip;]<\/p>\n","protected":false},"author":5,"featured_media":0,"parent":0,"menu_order":0,"comment_status":"closed","ping_status":"closed","template":"","meta":{"_et_pb_use_builder":"on","_et_pb_old_content":"","_et_gb_content_width":"","footnotes":""},"class_list":["post-225","page","type-page","status-publish","hentry"],"_links":{"self":[{"href":"https:\/\/jlbalaguero.com\/index.php\/wp-json\/wp\/v2\/pages\/225","targetHints":{"allow":["GET"]}}],"collection":[{"href":"https:\/\/jlbalaguero.com\/index.php\/wp-json\/wp\/v2\/pages"}],"about":[{"href":"https:\/\/jlbalaguero.com\/index.php\/wp-json\/wp\/v2\/types\/page"}],"author":[{"embeddable":true,"href":"https:\/\/jlbalaguero.com\/index.php\/wp-json\/wp\/v2\/users\/5"}],"replies":[{"embeddable":true,"href":"https:\/\/jlbalaguero.com\/index.php\/wp-json\/wp\/v2\/comments?post=225"}],"version-history":[{"count":7,"href":"https:\/\/jlbalaguero.com\/index.php\/wp-json\/wp\/v2\/pages\/225\/revisions"}],"predecessor-version":[{"id":816,"href":"https:\/\/jlbalaguero.com\/index.php\/wp-json\/wp\/v2\/pages\/225\/revisions\/816"}],"wp:attachment":[{"href":"https:\/\/jlbalaguero.com\/index.php\/wp-json\/wp\/v2\/media?parent=225"}],"curies":[{"name":"wp","href":"https:\/\/api.w.org\/{rel}","templated":true}]}}