{"id":255,"date":"2016-09-23T07:39:25","date_gmt":"2016-09-23T07:39:25","guid":{"rendered":"http:\/\/jlbalaguero.com\/?page_id=255"},"modified":"2018-02-21T18:40:34","modified_gmt":"2018-02-21T18:40:34","slug":"biography","status":"publish","type":"page","link":"https:\/\/jlbalaguero.com\/index.php\/en\/biography\/","title":{"rendered":"Biography"},"content":{"rendered":"<p>[et_pb_section admin_label=\u00bbsection\u00bb][et_pb_row admin_label=\u00bbrow\u00bb][et_pb_column type=\u00bb1_3&#8243;][et_pb_image admin_label=\u00bbImagen\u00bb src=\u00bbhttps:\/\/jlbalaguero.com\/wp-content\/uploads\/2016\/09\/Balaguero-web.jpg\u00bb show_in_lightbox=\u00bboff\u00bb url=\u00bbhttps:\/\/jlbalaguero.com\/wp-content\/uploads\/2016\/09\/Balaguero-web.jpg\u00bb url_new_window=\u00bboff\u00bb use_overlay=\u00bboff\u00bb animation=\u00bbleft\u00bb sticky=\u00bboff\u00bb align=\u00bbleft\u00bb force_fullwidth=\u00bboff\u00bb always_center_on_mobile=\u00bbon\u00bb use_border_color=\u00bboff\u00bb border_color=\u00bb#ffffff\u00bb border_style=\u00bbsolid\u00bb] [\/et_pb_image][\/et_pb_column][et_pb_column type=\u00bb2_3&#8243;][et_pb_text admin_label=\u00bbTexto\u00bb background_layout=\u00bblight\u00bb text_orientation=\u00bbleft\u00bb use_border_color=\u00bboff\u00bb border_color=\u00bb#ffffff\u00bb border_style=\u00bbsolid\u00bb]<\/p>\n<p>Jos\u00e9 Lu\u00eds Balaguer\u00f3 da cuenta de una alta concentraci\u00f3n, y meditaci\u00f3n sobre las condiciones estructurales de la pintura y su proceso. Cada pincelada en sus obras acusan dos maneras diferentes: Por un lado, representan el gesto pict\u00f3rico y por lo tanto se clasifican a s\u00ed mismas como parte de la tradici\u00f3n de la pintura abstracta de auto reflexi\u00f3n. Por otro lado, cada pincelada puede ser considerada como el latido del pintor que convierte las obras en manifestaciones de la conexi\u00f3n f\u00edsica directa y \u00absensual\u00bb del pintor con la pintura. Esta combinaci\u00f3n de un aura subjetiva y po\u00e9tica, as\u00ed como la introspecci\u00f3n conceptual del medio define todas las obras del artista.<\/p>\n<p>&nbsp;<\/p>\n<p>[\/et_pb_text][\/et_pb_column][\/et_pb_row][\/et_pb_section]<\/p>\n","protected":false},"excerpt":{"rendered":"<p>Jos\u00e9 Lu\u00eds Balaguer\u00f3 da cuenta de una alta concentraci\u00f3n, y meditaci\u00f3n sobre las condiciones estructurales de la pintura y su proceso. Cada pincelada en sus obras acusan dos maneras diferentes: Por un lado, representan el gesto pict\u00f3rico y por lo tanto se clasifican a s\u00ed mismas como parte de la tradici\u00f3n de la pintura abstracta [&hellip;]<\/p>\n","protected":false},"author":5,"featured_media":0,"parent":0,"menu_order":0,"comment_status":"open","ping_status":"closed","template":"","meta":{"_et_pb_use_builder":"on","_et_pb_old_content":"","_et_gb_content_width":"","footnotes":""},"class_list":["post-255","page","type-page","status-publish","hentry"],"_links":{"self":[{"href":"https:\/\/jlbalaguero.com\/index.php\/wp-json\/wp\/v2\/pages\/255","targetHints":{"allow":["GET"]}}],"collection":[{"href":"https:\/\/jlbalaguero.com\/index.php\/wp-json\/wp\/v2\/pages"}],"about":[{"href":"https:\/\/jlbalaguero.com\/index.php\/wp-json\/wp\/v2\/types\/page"}],"author":[{"embeddable":true,"href":"https:\/\/jlbalaguero.com\/index.php\/wp-json\/wp\/v2\/users\/5"}],"replies":[{"embeddable":true,"href":"https:\/\/jlbalaguero.com\/index.php\/wp-json\/wp\/v2\/comments?post=255"}],"version-history":[{"count":4,"href":"https:\/\/jlbalaguero.com\/index.php\/wp-json\/wp\/v2\/pages\/255\/revisions"}],"predecessor-version":[{"id":1088,"href":"https:\/\/jlbalaguero.com\/index.php\/wp-json\/wp\/v2\/pages\/255\/revisions\/1088"}],"wp:attachment":[{"href":"https:\/\/jlbalaguero.com\/index.php\/wp-json\/wp\/v2\/media?parent=255"}],"curies":[{"name":"wp","href":"https:\/\/api.w.org\/{rel}","templated":true}]}}