{"id":261,"date":"2016-09-23T07:42:44","date_gmt":"2016-09-23T07:42:44","guid":{"rendered":"http:\/\/jlbalaguero.com\/?page_id=261"},"modified":"2016-10-04T11:13:14","modified_gmt":"2016-10-04T11:13:14","slug":"collections","status":"publish","type":"page","link":"https:\/\/jlbalaguero.com\/index.php\/en\/biography\/collections\/","title":{"rendered":"Collections"},"content":{"rendered":"<p>[et_pb_section admin_label=\u00bbsection\u00bb][et_pb_row admin_label=\u00bbrow\u00bb][et_pb_column type=\u00bb4_4&#8243;][et_pb_text admin_label=\u00bbTexto\u00bb background_layout=\u00bblight\u00bb text_orientation=\u00bbleft\u00bb use_border_color=\u00bboff\u00bb border_color=\u00bb#ffffff\u00bb border_style=\u00bbsolid\u00bb]<\/p>\n<h3 style=\"text-align: center;\"><strong><span style=\"color: #000000;\">Museums and Collections<\/span><\/strong><\/h3>\n<p>[\/et_pb_text][et_pb_text admin_label=\u00bbTexto\u00bb background_layout=\u00bblight\u00bb text_orientation=\u00bbleft\u00bb use_border_color=\u00bboff\u00bb border_color=\u00bb#ffffff\u00bb border_style=\u00bbsolid\u00bb]<\/p>\n<p>Museo Municipal de Arte Contempor\u00e1neo, Madrid.<\/p>\n<p>Museo de Arte Abstracto, Cuenca.<\/p>\n<p>The Garage Museum of Art, Fort Lauderdale,\u00a0 Florida.<\/p>\n<p>Museo de Teheran, Iran.<\/p>\n<p>Museo Municipal, Zaragoza.<\/p>\n<p>Ayuntamiento de Madrid. Madrid.<\/p>\n<p>Biblioteca Nacional, Madrid.<\/p>\n<p>Evanston Art Center, Chicago.<\/p>\n<p>Colecci\u00f3n Amos Cahan, Nueva York.<\/p>\n<p>Museo Nacional Centro de Arte Rina Sofia, Madrid.<\/p>\n<p>Fundaci\u00f3n Santillana.Fundaci\u00f3n Chateau Citran, Burdeos.<\/p>\n<p>Ministerio de Trabajo, Madrid.Cortes de Arag\u00f3n, Zaragoza.<\/p>\n<p>Diputaci\u00f3n de Arag\u00f3n, Zaragoza.<\/p>\n<p>Fundaci\u00f3n Juan March, Madrid.<\/p>\n<p>Fundaci\u00f3n ICO, Madrid.<\/p>\n<p>Museo Salvador Allende, Chile.<\/p>\n<p>Centro Cultural, Conde Duque. Madrid.<\/p>\n<p>Palacio de Congresos, Madrid.<\/p>\n<p>Art Institute, Chicago.<\/p>\n<p>Fundaci\u00f3n Ibercaja, Zaragoza.<\/p>\n<p>Fundaci\u00f3n Ankares, Madrid.<\/p>\n<p>[\/et_pb_text][\/et_pb_column][\/et_pb_row][\/et_pb_section]<\/p>\n","protected":false},"excerpt":{"rendered":"<p>Museums and Collections Museo Municipal de Arte Contempor\u00e1neo, Madrid. Museo de Arte Abstracto, Cuenca. The Garage Museum of Art, Fort Lauderdale,\u00a0 Florida. Museo de Teheran, Iran. Museo Municipal, Zaragoza. Ayuntamiento de Madrid. Madrid. Biblioteca Nacional, Madrid. Evanston Art Center, Chicago. Colecci\u00f3n Amos Cahan, Nueva York. Museo Nacional Centro de Arte Rina Sofia, Madrid. Fundaci\u00f3n Santillana.Fundaci\u00f3n [&hellip;]<\/p>\n","protected":false},"author":5,"featured_media":0,"parent":255,"menu_order":0,"comment_status":"open","ping_status":"closed","template":"","meta":{"_et_pb_use_builder":"on","_et_pb_old_content":"","_et_gb_content_width":"","footnotes":""},"class_list":["post-261","page","type-page","status-publish","hentry"],"_links":{"self":[{"href":"https:\/\/jlbalaguero.com\/index.php\/wp-json\/wp\/v2\/pages\/261","targetHints":{"allow":["GET"]}}],"collection":[{"href":"https:\/\/jlbalaguero.com\/index.php\/wp-json\/wp\/v2\/pages"}],"about":[{"href":"https:\/\/jlbalaguero.com\/index.php\/wp-json\/wp\/v2\/types\/page"}],"author":[{"embeddable":true,"href":"https:\/\/jlbalaguero.com\/index.php\/wp-json\/wp\/v2\/users\/5"}],"replies":[{"embeddable":true,"href":"https:\/\/jlbalaguero.com\/index.php\/wp-json\/wp\/v2\/comments?post=261"}],"version-history":[{"count":2,"href":"https:\/\/jlbalaguero.com\/index.php\/wp-json\/wp\/v2\/pages\/261\/revisions"}],"predecessor-version":[{"id":560,"href":"https:\/\/jlbalaguero.com\/index.php\/wp-json\/wp\/v2\/pages\/261\/revisions\/560"}],"up":[{"embeddable":true,"href":"https:\/\/jlbalaguero.com\/index.php\/wp-json\/wp\/v2\/pages\/255"}],"wp:attachment":[{"href":"https:\/\/jlbalaguero.com\/index.php\/wp-json\/wp\/v2\/media?parent=261"}],"curies":[{"name":"wp","href":"https:\/\/api.w.org\/{rel}","templated":true}]}}