{"id":326,"date":"2016-09-27T15:42:41","date_gmt":"2016-09-27T15:42:41","guid":{"rendered":"http:\/\/jlbalaguero.com\/?page_id=326"},"modified":"2018-03-18T19:03:56","modified_gmt":"2018-03-18T19:03:56","slug":"__trashed-2","status":"publish","type":"page","link":"https:\/\/jlbalaguero.com\/index.php\/en\/__trashed-2\/","title":{"rendered":"Video"},"content":{"rendered":"<p>[et_pb_section admin_label=\u00bbsection\u00bb][et_pb_row admin_label=\u00bbrow\u00bb][et_pb_column type=\u00bb1_2&#8243;][et_pb_video admin_label=\u00bbV\u00eddeo\u00bb src=\u00bbhttps:\/\/jlbalaguero.com\/wp-content\/uploads\/2016\/09\/Balaguer\u00f3.webm\u00bb]<\/p>\n<p>&nbsp;<\/p>\n<p>[\/et_pb_video][et_pb_text admin_label=\u00bbTexto\u00bb background_layout=\u00bblight\u00bb text_orientation=\u00bbleft\u00bb use_border_color=\u00bboff\u00bb border_color=\u00bb#ffffff\u00bb border_style=\u00bbsolid\u00bb]<\/p>\n<p style=\"text-align: center;\">Zaragoza. Exposici\u00f3n Museo Cam\u00f3n Aznar<\/p>\n<p>[\/et_pb_text][\/et_pb_column][et_pb_column type=\u00bb1_2&#8243;][et_pb_video admin_label=\u00bbV\u00eddeo\u00bb src=\u00bbhttps:\/\/jlbalaguero.com\/wp-content\/uploads\/2016\/10\/proceso_creativo.mp4&#8243;]<br \/>\n[\/et_pb_video][et_pb_text admin_label=\u00bbTexto\u00bb background_layout=\u00bblight\u00bb text_orientation=\u00bbleft\u00bb use_border_color=\u00bboff\u00bb border_color=\u00bb#ffffff\u00bb border_style=\u00bbsolid\u00bb]<\/p>\n<p style=\"text-align: center;\"><span style=\"color: #000000;\">El proceso creat\u00edvo \u201cDesbloqueador\u201d<\/span><\/p>\n<p style=\"text-align: center;\"><span style=\"color: #000000;\">de un Maestro: Jos\u00e9 Balaguer\u00f3<\/span><\/p>\n<p>[\/et_pb_text][\/et_pb_column][\/et_pb_row][et_pb_row admin_label=\u00bbFila\u00bb][et_pb_column type=\u00bb1_2&#8243;][et_pb_video admin_label=\u00bbV\u00eddeo\u00bb src=\u00bbhttps:\/\/www.facebook.com\/marta.torremarin\/videos\/10215659029647801\/?t=2&#8243; \/][\/et_pb_column][et_pb_column type=\u00bb1_2&#8243;][et_pb_video admin_label=\u00bbV\u00eddeo\u00bb src=\u00bbhttps:\/\/www.facebook.com\/marta.torremarin\/videos\/10215658993846906\/?t=37 \u00bb \/][\/et_pb_column][\/et_pb_row][et_pb_row admin_label=\u00bbFila\u00bb][et_pb_column type=\u00bb1_2&#8243;][et_pb_video admin_label=\u00bbV\u00eddeo\u00bb src=\u00bbhttps:\/\/www.facebook.com\/marta.torremarin\/videos\/10215658992406870\/?t=0 \u00bb \/][\/et_pb_column][et_pb_column type=\u00bb1_2&#8243;][\/et_pb_column][\/et_pb_row][\/et_pb_section]<\/p>\n","protected":false},"excerpt":{"rendered":"<p>&nbsp; Zaragoza. Exposici\u00f3n Museo Cam\u00f3n Aznar El proceso creat\u00edvo \u201cDesbloqueador\u201d de un Maestro: Jos\u00e9 Balaguer\u00f3<\/p>\n","protected":false},"author":5,"featured_media":0,"parent":0,"menu_order":0,"comment_status":"closed","ping_status":"closed","template":"","meta":{"_et_pb_use_builder":"on","_et_pb_old_content":"","_et_gb_content_width":"","footnotes":""},"class_list":["post-326","page","type-page","status-publish","hentry"],"_links":{"self":[{"href":"https:\/\/jlbalaguero.com\/index.php\/wp-json\/wp\/v2\/pages\/326","targetHints":{"allow":["GET"]}}],"collection":[{"href":"https:\/\/jlbalaguero.com\/index.php\/wp-json\/wp\/v2\/pages"}],"about":[{"href":"https:\/\/jlbalaguero.com\/index.php\/wp-json\/wp\/v2\/types\/page"}],"author":[{"embeddable":true,"href":"https:\/\/jlbalaguero.com\/index.php\/wp-json\/wp\/v2\/users\/5"}],"replies":[{"embeddable":true,"href":"https:\/\/jlbalaguero.com\/index.php\/wp-json\/wp\/v2\/comments?post=326"}],"version-history":[{"count":5,"href":"https:\/\/jlbalaguero.com\/index.php\/wp-json\/wp\/v2\/pages\/326\/revisions"}],"predecessor-version":[{"id":1189,"href":"https:\/\/jlbalaguero.com\/index.php\/wp-json\/wp\/v2\/pages\/326\/revisions\/1189"}],"wp:attachment":[{"href":"https:\/\/jlbalaguero.com\/index.php\/wp-json\/wp\/v2\/media?parent=326"}],"curies":[{"name":"wp","href":"https:\/\/api.w.org\/{rel}","templated":true}]}}