{"id":328,"date":"2016-09-27T15:45:06","date_gmt":"2016-09-27T15:45:06","guid":{"rendered":"http:\/\/jlbalaguero.com\/?page_id=328"},"modified":"2018-03-18T19:01:04","modified_gmt":"2018-03-18T19:01:04","slug":"video","status":"publish","type":"page","link":"https:\/\/jlbalaguero.com\/index.php\/es\/video\/","title":{"rendered":"V\u00eddeo"},"content":{"rendered":"<p>[et_pb_section admin_label=\u00bbsection\u00bb][et_pb_row admin_label=\u00bbrow\u00bb][et_pb_column type=\u00bb1_2&#8243;][et_pb_video admin_label=\u00bbV\u00eddeo\u00bb src=\u00bbhttps:\/\/jlbalaguero.com\/wp-content\/uploads\/2016\/09\/Balaguer\u00f3.webm\u00bb]<\/p>\n<p>&nbsp;<\/p>\n<p>[\/et_pb_video][et_pb_text admin_label=\u00bbTexto\u00bb background_layout=\u00bblight\u00bb text_orientation=\u00bbleft\u00bb use_border_color=\u00bboff\u00bb border_color=\u00bb#ffffff\u00bb border_style=\u00bbsolid\u00bb]<\/p>\n<p style=\"text-align: center;\"><span style=\"color: #000000;\">Zaragoza. Exposici\u00f3n Museo Cam\u00f3n Aznar<\/span><\/p>\n<p>[\/et_pb_text][\/et_pb_column][et_pb_column type=\u00bb1_2&#8243;][et_pb_video admin_label=\u00bbV\u00eddeo\u00bb src=\u00bbhttps:\/\/jlbalaguero.com\/wp-content\/uploads\/2016\/10\/proceso_creativo.mp4&#8243;]<\/p>\n<p>&nbsp;<\/p>\n<p>[\/et_pb_video][et_pb_text admin_label=\u00bbTexto\u00bb background_layout=\u00bblight\u00bb text_orientation=\u00bbleft\u00bb use_border_color=\u00bboff\u00bb border_color=\u00bb#ffffff\u00bb border_style=\u00bbsolid\u00bb]<\/p>\n<p style=\"text-align: center;\"><span style=\"color: #000000;\">El proceso creat\u00edvo \u00abDesbloqueador\u00bb<\/span><\/p>\n<p style=\"text-align: center;\"><span style=\"color: #000000;\">de un Maestro: Jos\u00e9 Balaguer\u00f3<\/span><\/p>\n<p>&nbsp;<\/p>\n<p>[\/et_pb_text][\/et_pb_column][\/et_pb_row][et_pb_row admin_label=\u00bbFila\u00bb][et_pb_column type=\u00bb1_2&#8243;][et_pb_video admin_label=\u00bbV\u00eddeo\u00bb src=\u00bbhttps:\/\/www.facebook.com\/marta.torremarin\/videos\/10215658992406870\/?t=0 \u00ab]<br \/>\n[\/et_pb_video][\/et_pb_column][et_pb_column type=\u00bb1_2&#8243;][et_pb_video admin_label=\u00bbV\u00eddeo\u00bb src=\u00bbhttps:\/\/www.facebook.com\/marta.torremarin\/videos\/10215658993846906\/?t=37 \u00ab] [\/et_pb_video][\/et_pb_column][\/et_pb_row][et_pb_row admin_label=\u00bbFila\u00bb][et_pb_column type=\u00bb1_2&#8243;][et_pb_video admin_label=\u00bbV\u00eddeo\u00bb src=\u00bbhttps:\/\/www.facebook.com\/marta.torremarin\/videos\/10215659029647801\/?t=2&#8243; \/][\/et_pb_column][et_pb_column type=\u00bb1_2&#8243;][\/et_pb_column][\/et_pb_row][\/et_pb_section]<\/p>\n","protected":false},"excerpt":{"rendered":"<p>&nbsp; Zaragoza. Exposici\u00f3n Museo Cam\u00f3n Aznar &nbsp; El proceso creat\u00edvo \u00abDesbloqueador\u00bb de un Maestro: Jos\u00e9 Balaguer\u00f3 &nbsp;<\/p>\n","protected":false},"author":5,"featured_media":0,"parent":0,"menu_order":0,"comment_status":"closed","ping_status":"closed","template":"","meta":{"_et_pb_use_builder":"on","_et_pb_old_content":"","_et_gb_content_width":"","footnotes":""},"class_list":["post-328","page","type-page","status-publish","hentry"],"_links":{"self":[{"href":"https:\/\/jlbalaguero.com\/index.php\/wp-json\/wp\/v2\/pages\/328","targetHints":{"allow":["GET"]}}],"collection":[{"href":"https:\/\/jlbalaguero.com\/index.php\/wp-json\/wp\/v2\/pages"}],"about":[{"href":"https:\/\/jlbalaguero.com\/index.php\/wp-json\/wp\/v2\/types\/page"}],"author":[{"embeddable":true,"href":"https:\/\/jlbalaguero.com\/index.php\/wp-json\/wp\/v2\/users\/5"}],"replies":[{"embeddable":true,"href":"https:\/\/jlbalaguero.com\/index.php\/wp-json\/wp\/v2\/comments?post=328"}],"version-history":[{"count":13,"href":"https:\/\/jlbalaguero.com\/index.php\/wp-json\/wp\/v2\/pages\/328\/revisions"}],"predecessor-version":[{"id":1188,"href":"https:\/\/jlbalaguero.com\/index.php\/wp-json\/wp\/v2\/pages\/328\/revisions\/1188"}],"wp:attachment":[{"href":"https:\/\/jlbalaguero.com\/index.php\/wp-json\/wp\/v2\/media?parent=328"}],"curies":[{"name":"wp","href":"https:\/\/api.w.org\/{rel}","templated":true}]}}